{"id":225,"date":"2020-10-09T09:36:36","date_gmt":"2020-10-09T09:36:36","guid":{"rendered":"http:\/\/el.commonsupport.com\/newwp\/hotera\/?page_id=225"},"modified":"2022-02-08T12:47:30","modified_gmt":"2022-02-08T12:47:30","slug":"about-us","status":"publish","type":"page","link":"https:\/\/apartments-dany.com\/hr\/about-us\/","title":{"rendered":"O nama"},"content":{"rendered":"<div data-elementor-type=\"wp-page\" data-elementor-id=\"225\" class=\"elementor elementor-225\">\n\t\t\t\t\t\t<section class=\"elementor-section elementor-top-section elementor-element elementor-element-ab76bec elementor-section-full_width elementor-section-height-default elementor-section-height-default\" data-id=\"ab76bec\" data-element_type=\"section\" data-e-type=\"section\">\n\t\t\t\t\t\t<div class=\"elementor-container elementor-column-gap-default\">\n\t\t\t\t\t<div class=\"elementor-column elementor-col-100 elementor-top-column elementor-element elementor-element-869346d\" data-id=\"869346d\" data-element_type=\"column\" data-e-type=\"column\">\n\t\t\t<div class=\"elementor-widget-wrap elementor-element-populated\">\n\t\t\t\t\t\t<div class=\"elementor-element elementor-element-d4889a3 elementor-widget elementor-widget-hotera_about_us_v4\" data-id=\"d4889a3\" data-element_type=\"widget\" data-e-type=\"widget\" data-widget_type=\"hotera_about_us_v4.default\">\n\t\t\t\t<div class=\"elementor-widget-container\">\n\t\t\t\t\t        \n        <!--Featured Section-->\n        <section class=\"featured-section-four\">\n                        <span class=\"dotted-pattern dotted-pattern-11\"><\/span>\n            <div class=\"circles-two\">\n                <div class=\"c-1\"><\/div>\n                <div class=\"c-2\"><\/div>\n            <\/div>\n                        <div class=\"auto-container\">\n                <div class=\"row clearfix\">\n                    <!--Text Column-->\n                    <div class=\"text-column col-lg-6 col-md-12 col-sm-12\">\n                        <div class=\"inner\">\n                            <div class=\"sec-title\">\n                                <h2>Doma\u0107in<br>Maja<\/h2>\n                            <\/div>\n                            <div class=\"text\">Apartmani Dany imaju jako ljubazno osoblje. Uvijek spremni pomo\u0107 gostu, u\u010dinit \u0107e sve \u0161to je u njihovoj mogu\u0107nosti kako bi gostima uistinu odmor bio nezaboravan. Nenametljivo, ali uvijek prijateljski raspolo\u017eeno osoblje gostima \u0107e pru\u017eiti osje\u0107aj sigurnosti i udobnosti. Apartmani Dany imaju i vlastito dvori\u0161te u kojem se nalaze palme koje zasigurno pru\u017eaju osje\u0107aj opu\u0161tenosti i relaksacije koje su gostima potrebne nakon cijelodnevnog kupanja i sun\u010danja :). U istom dvori\u0161tu nalazi se i ro\u0161tilj koji je gostima dostupan na upit, a zanimljjivost o ro\u0161tilju je zasigurno ta da je gra\u0111en od istog kamena kao i Bijela ku\u0107a u Washingtonu -bra\u010dkog kamena.\n<br>\n\nApartmani Dany smje\u0161teni su samo 200 metara od najbli\u017ee pla\u017ee. Gostima osim kupanja i sun\u010danja na poznatim makarskim pla\u017eama preporu\u010dujem i \u0161etnju poznatom makarskom \u0161etnicom koja vodi do centra. \u0160etnica je prepuna kafi\u0107a, restorana i razli\u010ditih kioska koji prodaju suvenire i jo\u0161 dosta toga. Svaki gost mo\u017ee na\u0107i ne\u0161to za sebe, od ispijanja koktela, ve\u010dere uz svije\u0107e gledaju\u0107i more do kupovanja razli\u010ditih suvenira po kojima \u0107e pamtiti svoj odmor u Makarskoj i to sve nedaleko apartmana Dany u kojem \u0107e biti smje\u0161teni :)<\/div>\n                                                                                <\/div>\n                    <\/div>\n                    <!--Image Column-->\n                    <div class=\"image-column col-lg-6 col-md-12 col-sm-12\">\n                        <div class=\"inner\">\n                            <span class=\"dotted-pattern dotted-pattern-10\"><\/span>\n                            <div class=\"image-box clearfix\">\n                                <figure class=\"image wow fadeInUp\" data-wow-delay=\"0ms\" data-wow-duration=\"1500ms\"><img decoding=\"async\" src=\"https:\/\/apartments-dany.com\/wp-content\/uploads\/2021\/03\/maja.png\" alt=\"Awesome Image\"><\/figure>                                                                                            <\/div>\n                        <\/div>\n                    <\/div>\n                <\/div>\n            <\/div>\n        <\/section>\n        \n\t\t\t\t\t\t<\/div>\n\t\t\t\t<\/div>\n\t\t\t\t\t<\/div>\n\t\t<\/div>\n\t\t\t\t\t<\/div>\n\t\t<\/section>\n\t\t\t\t<\/div>","protected":false},"excerpt":{"rendered":"<p>Hosted ByMaja Apartments Dany have a very friendly staff. Always ready to help the guest, they will do everything in their power to make the guests a truly unforgettable vacation. Unobtrusive but always friendly personal guests will provide a sense of security and comfort. Apartments Dany also have their own yard where there are palm [&hellip;]<\/p>\n","protected":false},"author":2,"featured_media":0,"parent":0,"menu_order":0,"comment_status":"closed","ping_status":"closed","template":"tpl-default-elementor.php","meta":{"footnotes":""},"class_list":["post-225","page","type-page","status-publish","hentry"],"yoast_head":"<!-- This site is optimized with the Yoast SEO plugin v27.0 - https:\/\/yoast.com\/product\/yoast-seo-wordpress\/ -->\n<title>About Us - Apartments Dany<\/title>\n<meta name=\"robots\" content=\"index, follow, max-snippet:-1, max-image-preview:large, max-video-preview:-1\" \/>\n<link rel=\"canonical\" href=\"https:\/\/apartments-dany.com\/hr\/about-us\/\" \/>\n<meta property=\"og:locale\" content=\"hr_HR\" \/>\n<meta property=\"og:type\" content=\"article\" \/>\n<meta property=\"og:title\" content=\"About Us - Apartments Dany\" \/>\n<meta property=\"og:description\" content=\"Hosted ByMaja Apartments Dany have a very friendly staff. Always ready to help the guest, they will do everything in their power to make the guests a truly unforgettable vacation. Unobtrusive but always friendly personal guests will provide a sense of security and comfort. Apartments Dany also have their own yard where there are palm [&hellip;]\" \/>\n<meta property=\"og:url\" content=\"https:\/\/apartments-dany.com\/hr\/about-us\/\" \/>\n<meta property=\"og:site_name\" content=\"Apartments Dany\" \/>\n<meta property=\"article:modified_time\" content=\"2022-02-08T12:47:30+00:00\" \/>\n<meta property=\"og:image\" content=\"https:\/\/apartments-dany.com\/wp-content\/uploads\/2021\/03\/maja.png\" \/>\n<meta name=\"twitter:card\" content=\"summary_large_image\" \/>\n<meta name=\"twitter:label1\" content=\"Procijenjeno vrijeme \u010ditanja\" \/>\n\t<meta name=\"twitter:data1\" content=\"2 minute\" \/>\n<script type=\"application\/ld+json\" class=\"yoast-schema-graph\">{\"@context\":\"https:\/\/schema.org\",\"@graph\":[{\"@type\":\"WebPage\",\"@id\":\"https:\/\/apartments-dany.com\/about-us\/\",\"url\":\"https:\/\/apartments-dany.com\/about-us\/\",\"name\":\"About Us - Apartments Dany\",\"isPartOf\":{\"@id\":\"https:\/\/apartments-dany.com\/#website\"},\"primaryImageOfPage\":{\"@id\":\"https:\/\/apartments-dany.com\/about-us\/#primaryimage\"},\"image\":{\"@id\":\"https:\/\/apartments-dany.com\/about-us\/#primaryimage\"},\"thumbnailUrl\":\"https:\/\/apartments-dany.com\/wp-content\/uploads\/2021\/03\/maja.png\",\"datePublished\":\"2020-10-09T09:36:36+00:00\",\"dateModified\":\"2022-02-08T12:47:30+00:00\",\"breadcrumb\":{\"@id\":\"https:\/\/apartments-dany.com\/about-us\/#breadcrumb\"},\"inLanguage\":\"hr\",\"potentialAction\":[{\"@type\":\"ReadAction\",\"target\":[\"https:\/\/apartments-dany.com\/about-us\/\"]}]},{\"@type\":\"ImageObject\",\"inLanguage\":\"hr\",\"@id\":\"https:\/\/apartments-dany.com\/about-us\/#primaryimage\",\"url\":\"https:\/\/apartments-dany.com\/wp-content\/uploads\/2021\/03\/maja.png\",\"contentUrl\":\"https:\/\/apartments-dany.com\/wp-content\/uploads\/2021\/03\/maja.png\"},{\"@type\":\"BreadcrumbList\",\"@id\":\"https:\/\/apartments-dany.com\/about-us\/#breadcrumb\",\"itemListElement\":[{\"@type\":\"ListItem\",\"position\":1,\"name\":\"Home\",\"item\":\"https:\/\/apartments-dany.com\/\"},{\"@type\":\"ListItem\",\"position\":2,\"name\":\"About Us\"}]},{\"@type\":\"WebSite\",\"@id\":\"https:\/\/apartments-dany.com\/#website\",\"url\":\"https:\/\/apartments-dany.com\/\",\"name\":\"Apartments Dany\",\"description\":\"Luxury apartments in Makarska\",\"publisher\":{\"@id\":\"https:\/\/apartments-dany.com\/#organization\"},\"potentialAction\":[{\"@type\":\"SearchAction\",\"target\":{\"@type\":\"EntryPoint\",\"urlTemplate\":\"https:\/\/apartments-dany.com\/?s={search_term_string}\"},\"query-input\":{\"@type\":\"PropertyValueSpecification\",\"valueRequired\":true,\"valueName\":\"search_term_string\"}}],\"inLanguage\":\"hr\"},{\"@type\":\"Organization\",\"@id\":\"https:\/\/apartments-dany.com\/#organization\",\"name\":\"Apartments Dany\",\"url\":\"https:\/\/apartments-dany.com\/\",\"logo\":{\"@type\":\"ImageObject\",\"inLanguage\":\"hr\",\"@id\":\"https:\/\/apartments-dany.com\/#\/schema\/logo\/image\/\",\"url\":\"https:\/\/apartments-dany.com\/wp-content\/uploads\/2021\/03\/logo-x.png\",\"contentUrl\":\"https:\/\/apartments-dany.com\/wp-content\/uploads\/2021\/03\/logo-x.png\",\"width\":1788,\"height\":394,\"caption\":\"Apartments Dany\"},\"image\":{\"@id\":\"https:\/\/apartments-dany.com\/#\/schema\/logo\/image\/\"}}]}<\/script>\n<!-- \/ Yoast SEO plugin. -->","yoast_head_json":{"title":"About Us - Apartments Dany","robots":{"index":"index","follow":"follow","max-snippet":"max-snippet:-1","max-image-preview":"max-image-preview:large","max-video-preview":"max-video-preview:-1"},"canonical":"https:\/\/apartments-dany.com\/hr\/about-us\/","og_locale":"hr_HR","og_type":"article","og_title":"About Us - Apartments Dany","og_description":"Hosted ByMaja Apartments Dany have a very friendly staff. Always ready to help the guest, they will do everything in their power to make the guests a truly unforgettable vacation. Unobtrusive but always friendly personal guests will provide a sense of security and comfort. Apartments Dany also have their own yard where there are palm [&hellip;]","og_url":"https:\/\/apartments-dany.com\/hr\/about-us\/","og_site_name":"Apartments Dany","article_modified_time":"2022-02-08T12:47:30+00:00","og_image":[{"url":"https:\/\/apartments-dany.com\/wp-content\/uploads\/2021\/03\/maja.png","type":"","width":"","height":""}],"twitter_card":"summary_large_image","twitter_misc":{"Procijenjeno vrijeme \u010ditanja":"2 minute"},"schema":{"@context":"https:\/\/schema.org","@graph":[{"@type":"WebPage","@id":"https:\/\/apartments-dany.com\/about-us\/","url":"https:\/\/apartments-dany.com\/about-us\/","name":"About Us - Apartments Dany","isPartOf":{"@id":"https:\/\/apartments-dany.com\/#website"},"primaryImageOfPage":{"@id":"https:\/\/apartments-dany.com\/about-us\/#primaryimage"},"image":{"@id":"https:\/\/apartments-dany.com\/about-us\/#primaryimage"},"thumbnailUrl":"https:\/\/apartments-dany.com\/wp-content\/uploads\/2021\/03\/maja.png","datePublished":"2020-10-09T09:36:36+00:00","dateModified":"2022-02-08T12:47:30+00:00","breadcrumb":{"@id":"https:\/\/apartments-dany.com\/about-us\/#breadcrumb"},"inLanguage":"hr","potentialAction":[{"@type":"ReadAction","target":["https:\/\/apartments-dany.com\/about-us\/"]}]},{"@type":"ImageObject","inLanguage":"hr","@id":"https:\/\/apartments-dany.com\/about-us\/#primaryimage","url":"https:\/\/apartments-dany.com\/wp-content\/uploads\/2021\/03\/maja.png","contentUrl":"https:\/\/apartments-dany.com\/wp-content\/uploads\/2021\/03\/maja.png"},{"@type":"BreadcrumbList","@id":"https:\/\/apartments-dany.com\/about-us\/#breadcrumb","itemListElement":[{"@type":"ListItem","position":1,"name":"Home","item":"https:\/\/apartments-dany.com\/"},{"@type":"ListItem","position":2,"name":"About Us"}]},{"@type":"WebSite","@id":"https:\/\/apartments-dany.com\/#website","url":"https:\/\/apartments-dany.com\/","name":"Apartments Dany","description":"Luxury apartments in Makarska","publisher":{"@id":"https:\/\/apartments-dany.com\/#organization"},"potentialAction":[{"@type":"SearchAction","target":{"@type":"EntryPoint","urlTemplate":"https:\/\/apartments-dany.com\/?s={search_term_string}"},"query-input":{"@type":"PropertyValueSpecification","valueRequired":true,"valueName":"search_term_string"}}],"inLanguage":"hr"},{"@type":"Organization","@id":"https:\/\/apartments-dany.com\/#organization","name":"Apartments Dany","url":"https:\/\/apartments-dany.com\/","logo":{"@type":"ImageObject","inLanguage":"hr","@id":"https:\/\/apartments-dany.com\/#\/schema\/logo\/image\/","url":"https:\/\/apartments-dany.com\/wp-content\/uploads\/2021\/03\/logo-x.png","contentUrl":"https:\/\/apartments-dany.com\/wp-content\/uploads\/2021\/03\/logo-x.png","width":1788,"height":394,"caption":"Apartments Dany"},"image":{"@id":"https:\/\/apartments-dany.com\/#\/schema\/logo\/image\/"}}]}},"_links":{"self":[{"href":"https:\/\/apartments-dany.com\/hr\/wp-json\/wp\/v2\/pages\/225","targetHints":{"allow":["GET"]}}],"collection":[{"href":"https:\/\/apartments-dany.com\/hr\/wp-json\/wp\/v2\/pages"}],"about":[{"href":"https:\/\/apartments-dany.com\/hr\/wp-json\/wp\/v2\/types\/page"}],"author":[{"embeddable":true,"href":"https:\/\/apartments-dany.com\/hr\/wp-json\/wp\/v2\/users\/2"}],"replies":[{"embeddable":true,"href":"https:\/\/apartments-dany.com\/hr\/wp-json\/wp\/v2\/comments?post=225"}],"version-history":[{"count":0,"href":"https:\/\/apartments-dany.com\/hr\/wp-json\/wp\/v2\/pages\/225\/revisions"}],"wp:attachment":[{"href":"https:\/\/apartments-dany.com\/hr\/wp-json\/wp\/v2\/media?parent=225"}],"curies":[{"name":"wp","href":"https:\/\/api.w.org\/{rel}","templated":true}]}}